{"id":202,"date":"2022-08-29T18:02:05","date_gmt":"2022-08-29T16:02:05","guid":{"rendered":"https:\/\/formlab.dk\/yantra-frekvenser-i-bevaegelse\/?page_id=202"},"modified":"2026-04-13T19:49:04","modified_gmt":"2026-04-13T19:49:04","slug":"yantra-frekvenser-i-bevaegelse-i-gallery-o","status":"publish","type":"page","link":"https:\/\/yantra-frekvenser-i-bevaegelse.formlab.dk\/index.php\/yantra-frekvenser-i-bevaegelse-i-gallery-o\/","title":{"rendered":"&#8220;Yantra &#8211; frekvenser i bev\u00e6gelse&#8221; i Gallery O"},"content":{"rendered":"\n<p><strong>Fra den 23. september 2022 til den 9. oktober fyldte Formlab &amp; MultiSounds Gallery O\u2019s rum med lyd- og billedv\u00e6rket , \u201cYantra \u2013 frekvenser i bev\u00e6gelse\u201d.<\/strong><\/p>\n\n\n\n<p>Gennem elektronisk klang og meditative digitale billedforl\u00f8b s\u00e6tter \u201cYantra \u2013 frekvenser i bev\u00e6gelse\u201d fokus p\u00e5 det tv\u00e6rkulturelle og det globale i det lokale ved at forene energierne fra et flere tusind \u00e5r gammelt \u00f8stligt princip med en dansk sensommerdag.<\/p>\n\n\n\n<p>V\u00e6rket blander digitaliserede malerier inspireret af indiske billeder (Yantra) og ny komponeret meditativ, elektronisk lyd.<\/p>\n\n\n\n<p>Billedkunstner Christina Weisgard har skabt materialet til billedsiden mens komponisten Jakob Draminsky H\u00f8jmark st\u00e5r for musikken til v\u00e6rkets syv satser.<\/p>\n\n\n\n<figure class=\"wp-block-image size-full\"><img loading=\"lazy\" decoding=\"async\" width=\"700\" height=\"438\" src=\"https:\/\/yantra-frekvenser-i-bevaegelse.formlab.dk\/wp-content\/uploads\/2026\/04\/yantra_gallery_o_draminsky-700x438-1.jpg\" alt=\"Fra den 23. september 2022 til den 9. oktober fyldte Formlab &amp; MultiSounds Gallery O\u2019s rum med lyd- og billedv\u00e6rket , \u201cYantra \u2013 frekvenser i bev\u00e6gelse\u201d.\" class=\"wp-image-442\" srcset=\"https:\/\/yantra-frekvenser-i-bevaegelse.formlab.dk\/wp-content\/uploads\/2026\/04\/yantra_gallery_o_draminsky-700x438-1.jpg 700w, https:\/\/yantra-frekvenser-i-bevaegelse.formlab.dk\/wp-content\/uploads\/2026\/04\/yantra_gallery_o_draminsky-700x438-1-300x188.jpg 300w\" sizes=\"auto, (max-width: 700px) 100vw, 700px\" \/><\/figure>\n\n\n\n<h3 class=\"wp-block-heading\">Til \u00e5bningen:<\/h3>\n\n\n\n<p><strong>Kl. 15.00<\/strong> blev publikum inviteret indenfor til en oplevelse af kontinuerligt vekslende versioner af de digitaliserede Yantra, mens Draminskys elektroniske akkompagnement l\u00f8bende udvikler sig.<\/p>\n\n\n\n<p>V\u00e6rkets syv, syv minutter lange audiovisuelle grundsatser kunne opleves i zonerne:<br>The Chill \/ Contemplation Corner \/ MonoColor \/ StandAlone \/ Open Ear <br>og  ShareRoom hvor Draminsky arbejdede live med et ekstra plan i lydbilledet. Det skete kl. 17 og kl. 19.<\/p>\n\n\n\n<figure class=\"wp-block-image size-full\"><img loading=\"lazy\" decoding=\"async\" width=\"591\" height=\"750\" src=\"https:\/\/yantra-frekvenser-i-bevaegelse.formlab.dk\/wp-content\/uploads\/2026\/04\/yantra_gallery_o_shareroom.jpg\" alt=\"\" class=\"wp-image-444\" srcset=\"https:\/\/yantra-frekvenser-i-bevaegelse.formlab.dk\/wp-content\/uploads\/2026\/04\/yantra_gallery_o_shareroom.jpg 591w, https:\/\/yantra-frekvenser-i-bevaegelse.formlab.dk\/wp-content\/uploads\/2026\/04\/yantra_gallery_o_shareroom-236x300.jpg 236w\" sizes=\"auto, (max-width: 591px) 100vw, 591px\" \/><\/figure>\n\n\n\n<div style=\"height:27px\" aria-hidden=\"true\" class=\"wp-block-spacer\"><\/div>\n\n\n\n<p><strong>Sted: Gallery O<br>Vestergade 12<br>4930 Maribo<\/strong><br><strong>tlf. 50 18 10 13<\/strong><\/p>\n\n\n\n<figure class=\"wp-block-embed is-type-video is-provider-youtube wp-block-embed-youtube wp-embed-aspect-16-9 wp-has-aspect-ratio\"><div class=\"wp-block-embed__wrapper\">\n<iframe loading=\"lazy\" title=\"Yantra - frequencies in motion.  ShareRoom Two, Galleri O, 23-09-2023.\" width=\"700\" height=\"394\" src=\"https:\/\/www.youtube.com\/embed\/DfjeEX1GGD0?feature=oembed\" frameborder=\"0\" allow=\"accelerometer; autoplay; clipboard-write; encrypted-media; gyroscope; picture-in-picture; web-share\" referrerpolicy=\"strict-origin-when-cross-origin\" allowfullscreen><\/iframe>\n<\/div><\/figure>\n\n\n\n<p><\/p>\n\n\n\n<div style=\"height:50px\" aria-hidden=\"true\" class=\"wp-block-spacer\"><\/div>\n\n\n\n<figure class=\"wp-block-image size-full\"><img loading=\"lazy\" decoding=\"async\" width=\"700\" height=\"327\" src=\"https:\/\/yantra-frekvenser-i-bevaegelse.formlab.dk\/wp-content\/uploads\/2026\/04\/yantra_gallery-o-700x327-1.jpg\" alt=\"\" class=\"wp-image-446\" srcset=\"https:\/\/yantra-frekvenser-i-bevaegelse.formlab.dk\/wp-content\/uploads\/2026\/04\/yantra_gallery-o-700x327-1.jpg 700w, https:\/\/yantra-frekvenser-i-bevaegelse.formlab.dk\/wp-content\/uploads\/2026\/04\/yantra_gallery-o-700x327-1-300x140.jpg 300w\" sizes=\"auto, (max-width: 700px) 100vw, 700px\" \/><\/figure>\n","protected":false},"excerpt":{"rendered":"<p>Fra den 23. september 2022 til den 9. oktober fyldte Formlab &amp; MultiSounds Gallery O\u2019s rum med lyd- og billedv\u00e6rket , \u201cYantra \u2013 frekvenser i bev\u00e6gelse\u201d. Gennem elektronisk klang og meditative digitale billedforl\u00f8b s\u00e6tter \u201cYantra \u2013 frekvenser i bev\u00e6gelse\u201d fokus p\u00e5 det tv\u00e6rkulturelle og det globale i det lokale ved at forene energierne fra et&#8230;<\/p>\n","protected":false},"author":1,"featured_media":0,"parent":0,"menu_order":0,"comment_status":"closed","ping_status":"closed","template":"","meta":{"footnotes":""},"class_list":["post-202","page","type-page","status-publish","hentry"],"_links":{"self":[{"href":"https:\/\/yantra-frekvenser-i-bevaegelse.formlab.dk\/index.php\/wp-json\/wp\/v2\/pages\/202","targetHints":{"allow":["GET"]}}],"collection":[{"href":"https:\/\/yantra-frekvenser-i-bevaegelse.formlab.dk\/index.php\/wp-json\/wp\/v2\/pages"}],"about":[{"href":"https:\/\/yantra-frekvenser-i-bevaegelse.formlab.dk\/index.php\/wp-json\/wp\/v2\/types\/page"}],"author":[{"embeddable":true,"href":"https:\/\/yantra-frekvenser-i-bevaegelse.formlab.dk\/index.php\/wp-json\/wp\/v2\/users\/1"}],"replies":[{"embeddable":true,"href":"https:\/\/yantra-frekvenser-i-bevaegelse.formlab.dk\/index.php\/wp-json\/wp\/v2\/comments?post=202"}],"version-history":[{"count":4,"href":"https:\/\/yantra-frekvenser-i-bevaegelse.formlab.dk\/index.php\/wp-json\/wp\/v2\/pages\/202\/revisions"}],"predecessor-version":[{"id":449,"href":"https:\/\/yantra-frekvenser-i-bevaegelse.formlab.dk\/index.php\/wp-json\/wp\/v2\/pages\/202\/revisions\/449"}],"wp:attachment":[{"href":"https:\/\/yantra-frekvenser-i-bevaegelse.formlab.dk\/index.php\/wp-json\/wp\/v2\/media?parent=202"}],"curies":[{"name":"wp","href":"https:\/\/api.w.org\/{rel}","templated":true}]}}