{"id":36,"date":"2022-06-17T16:17:43","date_gmt":"2022-06-17T14:17:43","guid":{"rendered":"https:\/\/formlab.dk\/yantra-frekvenser-i-bevaegelse\/?page_id=6"},"modified":"2026-04-13T20:04:54","modified_gmt":"2026-04-13T20:04:54","slug":"en-event-med-yantra-af-christina-weisgard-og-lyd-jakob-draminsky-hoejmark","status":"publish","type":"page","link":"https:\/\/yantra-frekvenser-i-bevaegelse.formlab.dk\/index.php\/en-event-med-yantra-af-christina-weisgard-og-lyd-jakob-draminsky-hoejmark\/","title":{"rendered":"Yantra &#8211; frekvenser i bev\u00e6gelse i Metronomen"},"content":{"rendered":"\n<h3 class=\"wp-block-heading\">En event med Yantra af Christina Weisgard og lyd Jakob Draminsky H\u00f8jmark.<\/h3>\n\n\n\n<p><strong>Gennem elektronisk klang og meditative digitale billedforl\u00f8b s\u00e6tter &#8220;Yantra \u2013 frekvenser i bev\u00e6gelse&#8221; fokus p\u00e5 det tv\u00e6rkulturelle og det globale i det lokale ved at forene energierne fra et flere tusind \u00e5r gammelt \u00f8stligt princip med en dansk sommerdag.<\/strong><\/p>\n\n\n\n<p>Den 23.08.22 fyldte Formlab og MultiSounds Metronomens rum og vinduer med lyd- og billedv\u00e6rket, &#8220;Yantra \u2013 frekvenser i bev\u00e6gelse&#8221;.<br><br>V\u00e6rket blander digitaliserede malerier inspireret af indiske billeder (Yantra) og ny komponeret meditativ, elektronisk lyd.<\/p>\n\n\n\n<figure class=\"wp-block-image size-full\"><img loading=\"lazy\" decoding=\"async\" width=\"700\" height=\"700\" src=\"https:\/\/yantra-frekvenser-i-bevaegelse.formlab.dk\/wp-content\/uploads\/2026\/04\/jeanette_i_skyspace_yfib-700x700-1.jpg\" alt=\"Foto taget i zonen &quot;The Sky Space&quot;\" class=\"wp-image-454\" srcset=\"https:\/\/yantra-frekvenser-i-bevaegelse.formlab.dk\/wp-content\/uploads\/2026\/04\/jeanette_i_skyspace_yfib-700x700-1.jpg 700w, https:\/\/yantra-frekvenser-i-bevaegelse.formlab.dk\/wp-content\/uploads\/2026\/04\/jeanette_i_skyspace_yfib-700x700-1-300x300.jpg 300w, https:\/\/yantra-frekvenser-i-bevaegelse.formlab.dk\/wp-content\/uploads\/2026\/04\/jeanette_i_skyspace_yfib-700x700-1-150x150.jpg 150w\" sizes=\"auto, (max-width: 700px) 100vw, 700px\" \/><figcaption class=\"wp-element-caption\">Foto taget i zonen &#8220;The Sky Space&#8221;<\/figcaption><\/figure>\n\n\n\n<p>Billedkunstner Christina Weisgard har skabt materialet til billedsiden mens komponisten Jakob Draminsky H\u00f8jmark st\u00e5r for musikken til v\u00e6rkets syv satser.<\/p>\n\n\n\n<p>Det musikalske klangrum omkring&nbsp; &#8220;Yantra \u2013 frekvenser i bev\u00e6gelse&#8221; intoneres efter Johannes Keplers 1600-tals ideer om sf\u00e6rens musik mens farvevariationerne i de digitaliserede Yantra tr\u00e6kker p\u00e5 ideer fra A. W. Rimingtons bog fra 1912, Colour-Music.<\/p>\n\n\n\n<p>Hver af de dronebaserede satser udvikler sig indenfor et specifikt klang- og frekvensomr\u00e5de relateret til et af de syv Yantra, og kan opleves enkeltvis eller som en samlet verden.<\/p>\n\n\n\n<p>I \u00e5bningstiden blev publikummet inviterede gratis indenfor til en kortere eller l\u00e6ngere oplevelse af kontinuerligt vekslende versioner af de digitaliserede Yantra, der blev vist via videokanoner, p\u00e5 sk\u00e6rme i forskellige st\u00f8rrelser og p\u00e5 staffelier spredt i Metronomens rum, mens Draminskys elektroniske akkompagnement l\u00f8bende udviklede sig over det centrale lydanl\u00e6g og p\u00e5 mindre systemer placeret rundt i bygningen.<\/p>\n\n\n\n<p>I Metronomen kunne v\u00e6rkets syv, syv minutter lange audiovisuelle grundsatser opleves i zonerne:<br>The Chill \/ Contemplation Corner \/ MonoColor \/ HeadphoneHome \/ Open Ear \/ The SkySpace.<br>Eller de to ShareRoom hvor Draminsky arbejdede live i 45 minutter med et ekstra plan i lydbilledet. Det skete kl. 16 og kl. 20.<\/p>\n\n\n\n<figure class=\"wp-block-image size-large\"><img loading=\"lazy\" decoding=\"async\" width=\"700\" height=\"525\" src=\"https:\/\/yantra-frekvenser-i-bevaegelse.formlab.dk\/wp-content\/uploads\/2026\/04\/paa_vaeg_og_laerred-700x525.jpg\" alt=\"\" class=\"wp-image-465\" srcset=\"https:\/\/yantra-frekvenser-i-bevaegelse.formlab.dk\/wp-content\/uploads\/2026\/04\/paa_vaeg_og_laerred-700x525.jpg 700w, https:\/\/yantra-frekvenser-i-bevaegelse.formlab.dk\/wp-content\/uploads\/2026\/04\/paa_vaeg_og_laerred-300x225.jpg 300w, https:\/\/yantra-frekvenser-i-bevaegelse.formlab.dk\/wp-content\/uploads\/2026\/04\/paa_vaeg_og_laerred-768x576.jpg 768w, https:\/\/yantra-frekvenser-i-bevaegelse.formlab.dk\/wp-content\/uploads\/2026\/04\/paa_vaeg_og_laerred-80x60.jpg 80w, https:\/\/yantra-frekvenser-i-bevaegelse.formlab.dk\/wp-content\/uploads\/2026\/04\/paa_vaeg_og_laerred.jpg 800w\" sizes=\"auto, (max-width: 700px) 100vw, 700px\" \/><figcaption class=\"wp-element-caption\">Sted: Metronomen, Godth\u00e5bsvej 33, 2000 Frederiksberg<\/figcaption><\/figure>\n\n\n\n<p><\/p>\n\n\n\n<p><em><strong>Tak til Frederiksberg Kommunes Musikudvalg og Statens Kunstfond for st\u00f8tte til projektet<\/strong>.<\/em><\/p>\n\n\n\n<p>Video med sekvenser fra dagen: <\/p>\n\n\n\n<figure class=\"wp-block-video\"><video height=\"1080\" style=\"aspect-ratio: 1920 \/ 1080;\" width=\"1920\" controls src=\"https:\/\/yantra-frekvenser-i-bevaegelse.formlab.dk\/wp-content\/uploads\/2026\/04\/yantra-turn-II-short_v7.mp4\"><\/video><\/figure>\n\n\n\n<div style=\"height:77px\" aria-hidden=\"true\" class=\"wp-block-spacer\"><\/div>\n\n\n\n<figure class=\"wp-block-embed is-type-video is-provider-youtube wp-block-embed-youtube wp-embed-aspect-16-9 wp-has-aspect-ratio\"><div class=\"wp-block-embed__wrapper\">\n<iframe loading=\"lazy\" title=\"Yantra - frequencies in motion. Metronomen 23-08-2022\" width=\"700\" height=\"394\" src=\"https:\/\/www.youtube.com\/embed\/AyZq4nHnUkQ?feature=oembed\" frameborder=\"0\" allow=\"accelerometer; autoplay; clipboard-write; encrypted-media; gyroscope; picture-in-picture; web-share\" referrerpolicy=\"strict-origin-when-cross-origin\" allowfullscreen><\/iframe>\n<\/div><\/figure>\n","protected":false},"excerpt":{"rendered":"<p>En event med Yantra af Christina Weisgard og lyd Jakob Draminsky H\u00f8jmark. Gennem elektronisk klang og meditative digitale billedforl\u00f8b s\u00e6tter &#8220;Yantra \u2013 frekvenser i bev\u00e6gelse&#8221; fokus p\u00e5 det tv\u00e6rkulturelle og det globale i det lokale ved at forene energierne fra et flere tusind \u00e5r gammelt \u00f8stligt princip med en dansk sommerdag. Den 23.08.22 fyldte Formlab&#8230;<\/p>\n","protected":false},"author":1,"featured_media":0,"parent":0,"menu_order":0,"comment_status":"closed","ping_status":"closed","template":"","meta":{"footnotes":""},"class_list":["post-36","page","type-page","status-publish","hentry"],"_links":{"self":[{"href":"https:\/\/yantra-frekvenser-i-bevaegelse.formlab.dk\/index.php\/wp-json\/wp\/v2\/pages\/36","targetHints":{"allow":["GET"]}}],"collection":[{"href":"https:\/\/yantra-frekvenser-i-bevaegelse.formlab.dk\/index.php\/wp-json\/wp\/v2\/pages"}],"about":[{"href":"https:\/\/yantra-frekvenser-i-bevaegelse.formlab.dk\/index.php\/wp-json\/wp\/v2\/types\/page"}],"author":[{"embeddable":true,"href":"https:\/\/yantra-frekvenser-i-bevaegelse.formlab.dk\/index.php\/wp-json\/wp\/v2\/users\/1"}],"replies":[{"embeddable":true,"href":"https:\/\/yantra-frekvenser-i-bevaegelse.formlab.dk\/index.php\/wp-json\/wp\/v2\/comments?post=36"}],"version-history":[{"count":6,"href":"https:\/\/yantra-frekvenser-i-bevaegelse.formlab.dk\/index.php\/wp-json\/wp\/v2\/pages\/36\/revisions"}],"predecessor-version":[{"id":467,"href":"https:\/\/yantra-frekvenser-i-bevaegelse.formlab.dk\/index.php\/wp-json\/wp\/v2\/pages\/36\/revisions\/467"}],"wp:attachment":[{"href":"https:\/\/yantra-frekvenser-i-bevaegelse.formlab.dk\/index.php\/wp-json\/wp\/v2\/media?parent=36"}],"curies":[{"name":"wp","href":"https:\/\/api.w.org\/{rel}","templated":true}]}}